{"id":124,"date":"2022-04-15T18:05:52","date_gmt":"2022-04-15T18:05:52","guid":{"rendered":"http:\/\/poltorakstomatologia.pl\/?page_id=124"},"modified":"2025-04-18T11:36:12","modified_gmt":"2025-04-18T10:36:12","slug":"wazne-informacje-stomatologia-kielce","status":"publish","type":"page","link":"https:\/\/poltorakstomatologia.pl\/index.php\/wazne-informacje-stomatologia-kielce\/","title":{"rendered":"Wa\u017cne informacje"},"content":{"rendered":"<p><a href=\"https:\/\/poltorakstomatologia.pl\/index.php\/klauzula-rodo\/\">Klauzula Rodo<\/a><\/p>\n<p><a href=\"https:\/\/poltorakstomatologia.pl\/index.php\/prawa-i-obowiazki-pacjenta\/\">Prawa i obowi\u0105zki Pacjenta<\/a><\/p>\n<p><a href=\"https:\/\/poltorakstomatologia.pl\/index.php\/regulamin-podmiotu-leczniczego\/\">Regulamin Podmiotu Leczniczego<\/a><\/p>\n<p><a href=\"https:\/\/poltorakstomatologia.pl\/index.php\/standardyochronymaloletnich\">Standardy ochrony ma\u0142oletnich<\/a><\/p>\n","protected":false},"excerpt":{"rendered":"<p>Klauzula Rodo Prawa i obowi\u0105zki Pacjenta Regulamin Podmiotu Leczniczego Standardy ochrony ma\u0142oletnich<\/p>\n","protected":false},"author":1,"featured_media":0,"parent":0,"menu_order":0,"comment_status":"closed","ping_status":"closed","template":"","meta":{"footnotes":""},"class_list":["post-124","page","type-page","status-publish","hentry"],"yoast_head":"<!-- This site is optimized with the Yoast SEO plugin v27.1.1 - https:\/\/yoast.com\/product\/yoast-seo-wordpress\/ -->\n<title>Wa\u017cne informacje - Gabinet stomatologiczno-protetyczny<\/title>\n<meta name=\"description\" content=\"Dowiedz si\u0119 jak przygotowa\u0107 si\u0119 do wizyty u stomatologa. Przeczytaj o pierwszej wizycie, przeciwwskazaniach i zaleceniach pozabiegowych.\" \/>\n<meta name=\"robots\" content=\"index, follow, max-snippet:-1, max-image-preview:large, max-video-preview:-1\" \/>\n<link rel=\"canonical\" href=\"https:\/\/poltorakstomatologia.pl\/index.php\/wazne-informacje-stomatologia-kielce\/\" \/>\n<meta property=\"og:locale\" content=\"pl_PL\" \/>\n<meta property=\"og:type\" content=\"article\" \/>\n<meta property=\"og:title\" content=\"Wa\u017cne informacje - Gabinet stomatologiczno-protetyczny\" \/>\n<meta property=\"og:description\" content=\"Dowiedz si\u0119 jak przygotowa\u0107 si\u0119 do wizyty u stomatologa. Przeczytaj o pierwszej wizycie, przeciwwskazaniach i zaleceniach pozabiegowych.\" \/>\n<meta property=\"og:url\" content=\"https:\/\/poltorakstomatologia.pl\/index.php\/wazne-informacje-stomatologia-kielce\/\" \/>\n<meta property=\"og:site_name\" content=\"Gabinet stomatologiczno-protetyczny\" \/>\n<meta property=\"article:publisher\" content=\"https:\/\/www.facebook.com\/PoltorakStomatologia\" \/>\n<meta property=\"article:modified_time\" content=\"2025-04-18T10:36:12+00:00\" \/>\n<meta name=\"twitter:card\" content=\"summary_large_image\" \/>\n<meta name=\"twitter:label1\" content=\"Szacowany czas czytania\" \/>\n\t<meta name=\"twitter:data1\" content=\"1 minuta\" \/>\n<script type=\"application\/ld+json\" class=\"yoast-schema-graph\">{\"@context\":\"https:\/\/schema.org\",\"@graph\":[{\"@type\":\"WebPage\",\"@id\":\"https:\/\/poltorakstomatologia.pl\/index.php\/wazne-informacje-stomatologia-kielce\/\",\"url\":\"https:\/\/poltorakstomatologia.pl\/index.php\/wazne-informacje-stomatologia-kielce\/\",\"name\":\"Wa\u017cne informacje - Gabinet stomatologiczno-protetyczny\",\"isPartOf\":{\"@id\":\"https:\/\/poltorakstomatologia.pl\/#website\"},\"datePublished\":\"2022-04-15T18:05:52+00:00\",\"dateModified\":\"2025-04-18T10:36:12+00:00\",\"description\":\"Dowiedz si\u0119 jak przygotowa\u0107 si\u0119 do wizyty u stomatologa. Przeczytaj o pierwszej wizycie, przeciwwskazaniach i zaleceniach pozabiegowych.\",\"breadcrumb\":{\"@id\":\"https:\/\/poltorakstomatologia.pl\/index.php\/wazne-informacje-stomatologia-kielce\/#breadcrumb\"},\"inLanguage\":\"pl-PL\",\"potentialAction\":[{\"@type\":\"ReadAction\",\"target\":[\"https:\/\/poltorakstomatologia.pl\/index.php\/wazne-informacje-stomatologia-kielce\/\"]}]},{\"@type\":\"BreadcrumbList\",\"@id\":\"https:\/\/poltorakstomatologia.pl\/index.php\/wazne-informacje-stomatologia-kielce\/#breadcrumb\",\"itemListElement\":[{\"@type\":\"ListItem\",\"position\":1,\"name\":\"Strona g\u0142\u00f3wna\",\"item\":\"https:\/\/poltorakstomatologia.pl\/\"},{\"@type\":\"ListItem\",\"position\":2,\"name\":\"Wa\u017cne informacje\"}]},{\"@type\":\"WebSite\",\"@id\":\"https:\/\/poltorakstomatologia.pl\/#website\",\"url\":\"https:\/\/poltorakstomatologia.pl\/\",\"name\":\"Dentysta Kielce \u2013 Konrad P\u00f3\u0142torak | Stomatologia & Protetyka\",\"description\":\"Dr n. med. Konrad P\u00f3\u0142torak\",\"publisher\":{\"@id\":\"https:\/\/poltorakstomatologia.pl\/#organization\"},\"potentialAction\":[{\"@type\":\"SearchAction\",\"target\":{\"@type\":\"EntryPoint\",\"urlTemplate\":\"https:\/\/poltorakstomatologia.pl\/?s={search_term_string}\"},\"query-input\":{\"@type\":\"PropertyValueSpecification\",\"valueRequired\":true,\"valueName\":\"search_term_string\"}}],\"inLanguage\":\"pl-PL\"},{\"@type\":\"Organization\",\"@id\":\"https:\/\/poltorakstomatologia.pl\/#organization\",\"name\":\"Gabinet stomatologiczno-protetyczny Konrad P\u00f3\u0142torak\",\"url\":\"https:\/\/poltorakstomatologia.pl\/\",\"logo\":{\"@type\":\"ImageObject\",\"inLanguage\":\"pl-PL\",\"@id\":\"https:\/\/poltorakstomatologia.pl\/#\/schema\/logo\/image\/\",\"url\":\"https:\/\/poltorakstomatologia.pl\/wp-content\/uploads\/2025\/04\/Dodaj-naglowek-2.png\",\"contentUrl\":\"https:\/\/poltorakstomatologia.pl\/wp-content\/uploads\/2025\/04\/Dodaj-naglowek-2.png\",\"width\":940,\"height\":788,\"caption\":\"Gabinet stomatologiczno-protetyczny Konrad P\u00f3\u0142torak\"},\"image\":{\"@id\":\"https:\/\/poltorakstomatologia.pl\/#\/schema\/logo\/image\/\"},\"sameAs\":[\"https:\/\/www.facebook.com\/PoltorakStomatologia\",\"https:\/\/www.instagram.com\/konradpoltorak.dr\/\"]}]}<\/script>\n<!-- \/ Yoast SEO plugin. -->","yoast_head_json":{"title":"Wa\u017cne informacje - Gabinet stomatologiczno-protetyczny","description":"Dowiedz si\u0119 jak przygotowa\u0107 si\u0119 do wizyty u stomatologa. Przeczytaj o pierwszej wizycie, przeciwwskazaniach i zaleceniach pozabiegowych.","robots":{"index":"index","follow":"follow","max-snippet":"max-snippet:-1","max-image-preview":"max-image-preview:large","max-video-preview":"max-video-preview:-1"},"canonical":"https:\/\/poltorakstomatologia.pl\/index.php\/wazne-informacje-stomatologia-kielce\/","og_locale":"pl_PL","og_type":"article","og_title":"Wa\u017cne informacje - Gabinet stomatologiczno-protetyczny","og_description":"Dowiedz si\u0119 jak przygotowa\u0107 si\u0119 do wizyty u stomatologa. Przeczytaj o pierwszej wizycie, przeciwwskazaniach i zaleceniach pozabiegowych.","og_url":"https:\/\/poltorakstomatologia.pl\/index.php\/wazne-informacje-stomatologia-kielce\/","og_site_name":"Gabinet stomatologiczno-protetyczny","article_publisher":"https:\/\/www.facebook.com\/PoltorakStomatologia","article_modified_time":"2025-04-18T10:36:12+00:00","twitter_card":"summary_large_image","twitter_misc":{"Szacowany czas czytania":"1 minuta"},"schema":{"@context":"https:\/\/schema.org","@graph":[{"@type":"WebPage","@id":"https:\/\/poltorakstomatologia.pl\/index.php\/wazne-informacje-stomatologia-kielce\/","url":"https:\/\/poltorakstomatologia.pl\/index.php\/wazne-informacje-stomatologia-kielce\/","name":"Wa\u017cne informacje - Gabinet stomatologiczno-protetyczny","isPartOf":{"@id":"https:\/\/poltorakstomatologia.pl\/#website"},"datePublished":"2022-04-15T18:05:52+00:00","dateModified":"2025-04-18T10:36:12+00:00","description":"Dowiedz si\u0119 jak przygotowa\u0107 si\u0119 do wizyty u stomatologa. Przeczytaj o pierwszej wizycie, przeciwwskazaniach i zaleceniach pozabiegowych.","breadcrumb":{"@id":"https:\/\/poltorakstomatologia.pl\/index.php\/wazne-informacje-stomatologia-kielce\/#breadcrumb"},"inLanguage":"pl-PL","potentialAction":[{"@type":"ReadAction","target":["https:\/\/poltorakstomatologia.pl\/index.php\/wazne-informacje-stomatologia-kielce\/"]}]},{"@type":"BreadcrumbList","@id":"https:\/\/poltorakstomatologia.pl\/index.php\/wazne-informacje-stomatologia-kielce\/#breadcrumb","itemListElement":[{"@type":"ListItem","position":1,"name":"Strona g\u0142\u00f3wna","item":"https:\/\/poltorakstomatologia.pl\/"},{"@type":"ListItem","position":2,"name":"Wa\u017cne informacje"}]},{"@type":"WebSite","@id":"https:\/\/poltorakstomatologia.pl\/#website","url":"https:\/\/poltorakstomatologia.pl\/","name":"Dentysta Kielce \u2013 Konrad P\u00f3\u0142torak | Stomatologia & Protetyka","description":"Dr n. med. Konrad P\u00f3\u0142torak","publisher":{"@id":"https:\/\/poltorakstomatologia.pl\/#organization"},"potentialAction":[{"@type":"SearchAction","target":{"@type":"EntryPoint","urlTemplate":"https:\/\/poltorakstomatologia.pl\/?s={search_term_string}"},"query-input":{"@type":"PropertyValueSpecification","valueRequired":true,"valueName":"search_term_string"}}],"inLanguage":"pl-PL"},{"@type":"Organization","@id":"https:\/\/poltorakstomatologia.pl\/#organization","name":"Gabinet stomatologiczno-protetyczny Konrad P\u00f3\u0142torak","url":"https:\/\/poltorakstomatologia.pl\/","logo":{"@type":"ImageObject","inLanguage":"pl-PL","@id":"https:\/\/poltorakstomatologia.pl\/#\/schema\/logo\/image\/","url":"https:\/\/poltorakstomatologia.pl\/wp-content\/uploads\/2025\/04\/Dodaj-naglowek-2.png","contentUrl":"https:\/\/poltorakstomatologia.pl\/wp-content\/uploads\/2025\/04\/Dodaj-naglowek-2.png","width":940,"height":788,"caption":"Gabinet stomatologiczno-protetyczny Konrad P\u00f3\u0142torak"},"image":{"@id":"https:\/\/poltorakstomatologia.pl\/#\/schema\/logo\/image\/"},"sameAs":["https:\/\/www.facebook.com\/PoltorakStomatologia","https:\/\/www.instagram.com\/konradpoltorak.dr\/"]}]}},"_links":{"self":[{"href":"https:\/\/poltorakstomatologia.pl\/index.php\/wp-json\/wp\/v2\/pages\/124","targetHints":{"allow":["GET"]}}],"collection":[{"href":"https:\/\/poltorakstomatologia.pl\/index.php\/wp-json\/wp\/v2\/pages"}],"about":[{"href":"https:\/\/poltorakstomatologia.pl\/index.php\/wp-json\/wp\/v2\/types\/page"}],"author":[{"embeddable":true,"href":"https:\/\/poltorakstomatologia.pl\/index.php\/wp-json\/wp\/v2\/users\/1"}],"replies":[{"embeddable":true,"href":"https:\/\/poltorakstomatologia.pl\/index.php\/wp-json\/wp\/v2\/comments?post=124"}],"version-history":[{"count":5,"href":"https:\/\/poltorakstomatologia.pl\/index.php\/wp-json\/wp\/v2\/pages\/124\/revisions"}],"predecessor-version":[{"id":163,"href":"https:\/\/poltorakstomatologia.pl\/index.php\/wp-json\/wp\/v2\/pages\/124\/revisions\/163"}],"wp:attachment":[{"href":"https:\/\/poltorakstomatologia.pl\/index.php\/wp-json\/wp\/v2\/media?parent=124"}],"curies":[{"name":"wp","href":"https:\/\/api.w.org\/{rel}","templated":true}]}}