{"id":128,"date":"2022-04-15T18:05:07","date_gmt":"2022-04-15T18:05:07","guid":{"rendered":"http:\/\/poltorakstomatologia.pl\/?page_id=128"},"modified":"2022-04-15T18:16:33","modified_gmt":"2022-04-15T18:16:33","slug":"prawa-i-obowiazki-pacjenta","status":"publish","type":"page","link":"https:\/\/poltorakstomatologia.pl\/index.php\/prawa-i-obowiazki-pacjenta\/","title":{"rendered":"Prawa i obowi\u0105zki pacjenta"},"content":{"rendered":"<p>Prawa i obowi\u0105zki Pacjenta<\/p>\n<p>1. W czasie korzystania ze \u015bwiadcze\u0144 medycznych w Gabinecie stomatologiczno \u2013 protetycznym Konrad\u00a0P\u00f3\u0142torak pacjent ma prawo do:<br \/>\n&#8211; poszanowania godno\u015bci osobistej oraz uprzejmego traktowania przez personel medyczny<br \/>\n&#8211; \u015bwiadczenia us\u0142ug zdrowotnych przez personel o odpowiednich kwalifikacjach, zgodnie z wymaganiami wiedzy medycznej<br \/>\n&#8211;\u00a0 rzetelnej informacji o stanie zdrowia<br \/>\n&#8211; wyra\u017cenia zgody na udzielanie okre\u015blonych \u015bwiadcze\u0144 zdrowotnych lub ich odmowy, po uzyskaniu informacji o proponowanych metodach diagnozy i leczenia<br \/>\n2. Do obowi\u0105zk\u00f3w pacjenta nale\u017cy:<br \/>\n&#8211; przestrzeganie regulaminu porz\u0105dkowego Gabinetu stomatologiczno \u2013 protetycznego Konrad P\u00f3\u0142torak<br \/>\n&#8211; przestrzeganie zakazu palenia tytoniu oraz spo\u017cywania alkoholu na terenie Plac\u00f3wki<br \/>\n&#8211; przestrzeganie higieny osobistej<br \/>\n&#8211; przestrzeganie zasad bezpiecze\u0144stwa oraz ppo\u017c.<br \/>\n&#8211; przestrzeganie zalece\u0144 lekarza<br \/>\n&#8211; odwo\u0142ywanie wizyt z nale\u017cytym wyprzedzeniem (min 12 h przed planowan\u0105 wizyt\u0105)<br \/>\n3. Pacjent ma prawo do natychmiastowego uzyskania \u015bwiadcze\u0144 zdrowotnych ze wzgl\u0119du na zagro\u017cenie zdrowia lub \u017cycia.<br \/>\n4. \u015awiadczenia na rzecz pacjent\u00f3w s\u0105 wykonywane przez personel posiadaj\u0105cy odpowiednie kwalifikacje i uprawnienia okre\u015blone w odr\u0119bnych przepisach.<br \/>\n5. \u015awiadczenia zdrowotne udzielane s\u0105 pacjentom zgodnie z wymaganiami aktualnej wiedzy medycznej.<br \/>\n6. \u015awiadczenia zdrowotne udzielane s\u0105 pacjentowi z nale\u017cyt\u0105 staranno\u015bci\u0105, w warunkach odpowiadaj\u0105cych obowi\u0105zuj\u0105cym w tym zakresie wymaganiom fachowym i sanitarnym.<br \/>\n7. Osoby udzielaj\u0105ce pacjentowi \u015bwiadcze\u0144 zdrowotnych kieruj\u0105 si\u0119 zasadami etyki zawodowej\u00a0okre\u015blonymi przez w\u0142a\u015bciwe samorz\u0105dy zawod\u00f3w medycznych.<br \/>\n8. \u015awiadczenia zdrowotne s\u0105 organizowane w spos\u00f3b zapewniaj\u0105cy pacjentom najdogodniejsz\u0105 form\u0119\u00a0korzystania ze \u015bwiadcze\u0144.<br \/>\n9. Orzeczenia lekarskie dotycz\u0105ce stanu zdrowia pacjent\u00f3w wydawane s\u0105 zgodnie z regulacjami ustawy z\u00a0dnia 5 grudnia 1996 r. o zawodach lekarza i lekarza dentysty.<br \/>\n10. Pacjent, kt\u00f3rego prawa zosta\u0142y naruszone w trakcie korzystania ze \u015bwiadcze\u0144 medycznych w\u00a0Gabinecie stomatologiczno \u2013 protetycznym Konrad P\u00f3\u0142torak ma prawo do z\u0142o\u017cenia ustnej lub pisemnej\u00a0skargi do kierownika zak\u0142adu.<br \/>\n11. Pacjenci maj\u0105 prawo zg\u0142aszania uwag, wniosk\u00f3w i skarg osobom udzielaj\u0105cym im \u015bwiadcze\u0144\u00a0zdrowotnych jak i bezpo\u015brednio kierowa\u0107 je do kierownika plac\u00f3wki. Na \u017cyczenie pacjenta udzielana\u00a0jest mu odpowied\u017a na pi\u015bmie.<br \/>\n12. W przypadku, gdy pacjent nie mo\u017ce przyj\u015b\u0107 na um\u00f3wion\u0105 wizyt\u0119, nale\u017cy j\u0105 wcze\u015bniej odwo\u0142a\u0107 lub\u00a0prze\u0142o\u017cy\u0107 na inny termin, by ewentualnie m\u00f3g\u0142 skorzysta\u0107 z tego terminu inny Pacjent. Zadatek b\u0119dzie\u00a0wliczany do wizyty, na kt\u00f3rej dane leczenie b\u0119dzie zako\u0144czone. W przypadku niezg\u0142oszenia si\u0119 na<br \/>\nzadatkowan\u0105 wizyt\u0119 i niepowiadomienia wcze\u015bniejszego o tym Gabinetu, zadatek przepada.<br \/>\n&#8211; Kwota zadatku na wizyty zaplanowane na 1h i d\u0142u\u017csze: 50z\u0142 za ka\u017cd\u0105 zaplanowan\u0105 godzin\u0119<br \/>\n&#8211; Terminy wizyt powinny by\u0107 odwo\u0142ywane do 12 godzin przed planowan\u0105 wizyt\u0105 tylko poprzez kontakt telefoniczny lub wys\u0142anie SMS na nr tel 606 968 303.<\/p>\n<p>Zadatek ma na celu zabezpieczenie czasu pracy lekarza przy planowanych wizytach i mo\u017ce by\u0107 pobierany w przypadku rezerwacji nast\u0119puj\u0105cych zabieg\u00f3w:<br \/>\n&#8211; leczenia endodontycznego<br \/>\n&#8211; leczenia protetycznego<br \/>\n&#8211; leczenia chirurgicznego<br \/>\n&#8211; leczenia implantologicznego<br \/>\n&#8211; leczenia periodontologicznego<br \/>\n&#8211; leczenia zachowawczego<br \/>\nZadatek na leczenie jest pobierany w przypadku wcze\u015bniejszego 2-krotnego nie zg\u0142oszenia si\u0119 pacjenta na um\u00f3wion\u0105 wizyt\u0119 bez jej wcze\u015bniejszego odwo\u0142ania (do 6h przed planowana wizyt\u0105).<br \/>\nPobieranie przez nas zadatku na leczenie stomatologiczne ma umo\u017cliwi\u0107 jak najkr\u00f3tsze oczekiwanie na\u00a0terminy wizyt do naszych lekarzy.<\/p>\n","protected":false},"excerpt":{"rendered":"<p>Prawa i obowi\u0105zki Pacjenta 1. W czasie korzystania ze \u015bwiadcze\u0144 medycznych w Gabinecie stomatologiczno \u2013 protetycznym Konrad\u00a0P\u00f3\u0142torak pacjent ma prawo do: &#8211; poszanowania godno\u015bci osobistej oraz uprzejmego traktowania przez personel medyczny &#8211; \u015bwiadczenia us\u0142ug zdrowotnych przez personel o odpowiednich kwalifikacjach, zgodnie z wymaganiami wiedzy medycznej &#8211;\u00a0 rzetelnej informacji o stanie zdrowia &#8211; wyra\u017cenia zgody na &hellip; <\/p>\n<p class=\"link-more\"><a href=\"https:\/\/poltorakstomatologia.pl\/index.php\/prawa-i-obowiazki-pacjenta\/\" class=\"more-link\">Czytaj dalej<span class=\"screen-reader-text\"> \u201ePrawa i obowi\u0105zki pacjenta\u201d<\/span><\/a><\/p>\n","protected":false},"author":1,"featured_media":0,"parent":0,"menu_order":0,"comment_status":"closed","ping_status":"closed","template":"","meta":{"footnotes":""},"class_list":["post-128","page","type-page","status-publish","hentry"],"yoast_head":"<!-- This site is optimized with the Yoast SEO plugin v27.1.1 - https:\/\/yoast.com\/product\/yoast-seo-wordpress\/ -->\n<title>Prawa i obowi\u0105zki pacjenta - Gabinet stomatologiczno-protetyczny<\/title>\n<meta name=\"description\" content=\"Dentysta Kielce \u2013 protetyka \/ implanty \/ leczenie kana\u0142owe\" \/>\n<meta name=\"robots\" content=\"index, follow, max-snippet:-1, max-image-preview:large, max-video-preview:-1\" \/>\n<link rel=\"canonical\" href=\"https:\/\/poltorakstomatologia.pl\/index.php\/prawa-i-obowiazki-pacjenta\/\" \/>\n<meta property=\"og:locale\" content=\"pl_PL\" \/>\n<meta property=\"og:type\" content=\"article\" \/>\n<meta property=\"og:title\" content=\"Prawa i obowi\u0105zki pacjenta - Gabinet stomatologiczno-protetyczny\" \/>\n<meta property=\"og:description\" content=\"Dentysta Kielce \u2013 protetyka \/ implanty \/ leczenie kana\u0142owe\" \/>\n<meta property=\"og:url\" content=\"https:\/\/poltorakstomatologia.pl\/index.php\/prawa-i-obowiazki-pacjenta\/\" \/>\n<meta property=\"og:site_name\" content=\"Gabinet stomatologiczno-protetyczny\" \/>\n<meta property=\"article:publisher\" content=\"https:\/\/www.facebook.com\/PoltorakStomatologia\" \/>\n<meta property=\"article:modified_time\" content=\"2022-04-15T18:16:33+00:00\" \/>\n<meta name=\"twitter:card\" content=\"summary_large_image\" \/>\n<meta name=\"twitter:label1\" content=\"Szacowany czas czytania\" \/>\n\t<meta name=\"twitter:data1\" content=\"3 minuty\" \/>\n<script type=\"application\/ld+json\" class=\"yoast-schema-graph\">{\"@context\":\"https:\/\/schema.org\",\"@graph\":[{\"@type\":\"WebPage\",\"@id\":\"https:\/\/poltorakstomatologia.pl\/index.php\/prawa-i-obowiazki-pacjenta\/\",\"url\":\"https:\/\/poltorakstomatologia.pl\/index.php\/prawa-i-obowiazki-pacjenta\/\",\"name\":\"Prawa i obowi\u0105zki pacjenta - Gabinet stomatologiczno-protetyczny\",\"isPartOf\":{\"@id\":\"https:\/\/poltorakstomatologia.pl\/#website\"},\"datePublished\":\"2022-04-15T18:05:07+00:00\",\"dateModified\":\"2022-04-15T18:16:33+00:00\",\"description\":\"Dentysta Kielce \u2013 protetyka \/ implanty \/ leczenie kana\u0142owe\",\"breadcrumb\":{\"@id\":\"https:\/\/poltorakstomatologia.pl\/index.php\/prawa-i-obowiazki-pacjenta\/#breadcrumb\"},\"inLanguage\":\"pl-PL\",\"potentialAction\":[{\"@type\":\"ReadAction\",\"target\":[\"https:\/\/poltorakstomatologia.pl\/index.php\/prawa-i-obowiazki-pacjenta\/\"]}]},{\"@type\":\"BreadcrumbList\",\"@id\":\"https:\/\/poltorakstomatologia.pl\/index.php\/prawa-i-obowiazki-pacjenta\/#breadcrumb\",\"itemListElement\":[{\"@type\":\"ListItem\",\"position\":1,\"name\":\"Strona g\u0142\u00f3wna\",\"item\":\"https:\/\/poltorakstomatologia.pl\/\"},{\"@type\":\"ListItem\",\"position\":2,\"name\":\"Prawa i obowi\u0105zki pacjenta\"}]},{\"@type\":\"WebSite\",\"@id\":\"https:\/\/poltorakstomatologia.pl\/#website\",\"url\":\"https:\/\/poltorakstomatologia.pl\/\",\"name\":\"Dentysta Kielce \u2013 Konrad P\u00f3\u0142torak | Stomatologia & Protetyka\",\"description\":\"Dr n. med. Konrad P\u00f3\u0142torak\",\"publisher\":{\"@id\":\"https:\/\/poltorakstomatologia.pl\/#organization\"},\"potentialAction\":[{\"@type\":\"SearchAction\",\"target\":{\"@type\":\"EntryPoint\",\"urlTemplate\":\"https:\/\/poltorakstomatologia.pl\/?s={search_term_string}\"},\"query-input\":{\"@type\":\"PropertyValueSpecification\",\"valueRequired\":true,\"valueName\":\"search_term_string\"}}],\"inLanguage\":\"pl-PL\"},{\"@type\":\"Organization\",\"@id\":\"https:\/\/poltorakstomatologia.pl\/#organization\",\"name\":\"Gabinet stomatologiczno-protetyczny Konrad P\u00f3\u0142torak\",\"url\":\"https:\/\/poltorakstomatologia.pl\/\",\"logo\":{\"@type\":\"ImageObject\",\"inLanguage\":\"pl-PL\",\"@id\":\"https:\/\/poltorakstomatologia.pl\/#\/schema\/logo\/image\/\",\"url\":\"https:\/\/poltorakstomatologia.pl\/wp-content\/uploads\/2025\/04\/Dodaj-naglowek-2.png\",\"contentUrl\":\"https:\/\/poltorakstomatologia.pl\/wp-content\/uploads\/2025\/04\/Dodaj-naglowek-2.png\",\"width\":940,\"height\":788,\"caption\":\"Gabinet stomatologiczno-protetyczny Konrad P\u00f3\u0142torak\"},\"image\":{\"@id\":\"https:\/\/poltorakstomatologia.pl\/#\/schema\/logo\/image\/\"},\"sameAs\":[\"https:\/\/www.facebook.com\/PoltorakStomatologia\",\"https:\/\/www.instagram.com\/konradpoltorak.dr\/\"]}]}<\/script>\n<!-- \/ Yoast SEO plugin. -->","yoast_head_json":{"title":"Prawa i obowi\u0105zki pacjenta - Gabinet stomatologiczno-protetyczny","description":"Dentysta Kielce \u2013 protetyka \/ implanty \/ leczenie kana\u0142owe","robots":{"index":"index","follow":"follow","max-snippet":"max-snippet:-1","max-image-preview":"max-image-preview:large","max-video-preview":"max-video-preview:-1"},"canonical":"https:\/\/poltorakstomatologia.pl\/index.php\/prawa-i-obowiazki-pacjenta\/","og_locale":"pl_PL","og_type":"article","og_title":"Prawa i obowi\u0105zki pacjenta - Gabinet stomatologiczno-protetyczny","og_description":"Dentysta Kielce \u2013 protetyka \/ implanty \/ leczenie kana\u0142owe","og_url":"https:\/\/poltorakstomatologia.pl\/index.php\/prawa-i-obowiazki-pacjenta\/","og_site_name":"Gabinet stomatologiczno-protetyczny","article_publisher":"https:\/\/www.facebook.com\/PoltorakStomatologia","article_modified_time":"2022-04-15T18:16:33+00:00","twitter_card":"summary_large_image","twitter_misc":{"Szacowany czas czytania":"3 minuty"},"schema":{"@context":"https:\/\/schema.org","@graph":[{"@type":"WebPage","@id":"https:\/\/poltorakstomatologia.pl\/index.php\/prawa-i-obowiazki-pacjenta\/","url":"https:\/\/poltorakstomatologia.pl\/index.php\/prawa-i-obowiazki-pacjenta\/","name":"Prawa i obowi\u0105zki pacjenta - Gabinet stomatologiczno-protetyczny","isPartOf":{"@id":"https:\/\/poltorakstomatologia.pl\/#website"},"datePublished":"2022-04-15T18:05:07+00:00","dateModified":"2022-04-15T18:16:33+00:00","description":"Dentysta Kielce \u2013 protetyka \/ implanty \/ leczenie kana\u0142owe","breadcrumb":{"@id":"https:\/\/poltorakstomatologia.pl\/index.php\/prawa-i-obowiazki-pacjenta\/#breadcrumb"},"inLanguage":"pl-PL","potentialAction":[{"@type":"ReadAction","target":["https:\/\/poltorakstomatologia.pl\/index.php\/prawa-i-obowiazki-pacjenta\/"]}]},{"@type":"BreadcrumbList","@id":"https:\/\/poltorakstomatologia.pl\/index.php\/prawa-i-obowiazki-pacjenta\/#breadcrumb","itemListElement":[{"@type":"ListItem","position":1,"name":"Strona g\u0142\u00f3wna","item":"https:\/\/poltorakstomatologia.pl\/"},{"@type":"ListItem","position":2,"name":"Prawa i obowi\u0105zki pacjenta"}]},{"@type":"WebSite","@id":"https:\/\/poltorakstomatologia.pl\/#website","url":"https:\/\/poltorakstomatologia.pl\/","name":"Dentysta Kielce \u2013 Konrad P\u00f3\u0142torak | Stomatologia & Protetyka","description":"Dr n. med. Konrad P\u00f3\u0142torak","publisher":{"@id":"https:\/\/poltorakstomatologia.pl\/#organization"},"potentialAction":[{"@type":"SearchAction","target":{"@type":"EntryPoint","urlTemplate":"https:\/\/poltorakstomatologia.pl\/?s={search_term_string}"},"query-input":{"@type":"PropertyValueSpecification","valueRequired":true,"valueName":"search_term_string"}}],"inLanguage":"pl-PL"},{"@type":"Organization","@id":"https:\/\/poltorakstomatologia.pl\/#organization","name":"Gabinet stomatologiczno-protetyczny Konrad P\u00f3\u0142torak","url":"https:\/\/poltorakstomatologia.pl\/","logo":{"@type":"ImageObject","inLanguage":"pl-PL","@id":"https:\/\/poltorakstomatologia.pl\/#\/schema\/logo\/image\/","url":"https:\/\/poltorakstomatologia.pl\/wp-content\/uploads\/2025\/04\/Dodaj-naglowek-2.png","contentUrl":"https:\/\/poltorakstomatologia.pl\/wp-content\/uploads\/2025\/04\/Dodaj-naglowek-2.png","width":940,"height":788,"caption":"Gabinet stomatologiczno-protetyczny Konrad P\u00f3\u0142torak"},"image":{"@id":"https:\/\/poltorakstomatologia.pl\/#\/schema\/logo\/image\/"},"sameAs":["https:\/\/www.facebook.com\/PoltorakStomatologia","https:\/\/www.instagram.com\/konradpoltorak.dr\/"]}]}},"_links":{"self":[{"href":"https:\/\/poltorakstomatologia.pl\/index.php\/wp-json\/wp\/v2\/pages\/128","targetHints":{"allow":["GET"]}}],"collection":[{"href":"https:\/\/poltorakstomatologia.pl\/index.php\/wp-json\/wp\/v2\/pages"}],"about":[{"href":"https:\/\/poltorakstomatologia.pl\/index.php\/wp-json\/wp\/v2\/types\/page"}],"author":[{"embeddable":true,"href":"https:\/\/poltorakstomatologia.pl\/index.php\/wp-json\/wp\/v2\/users\/1"}],"replies":[{"embeddable":true,"href":"https:\/\/poltorakstomatologia.pl\/index.php\/wp-json\/wp\/v2\/comments?post=128"}],"version-history":[{"count":2,"href":"https:\/\/poltorakstomatologia.pl\/index.php\/wp-json\/wp\/v2\/pages\/128\/revisions"}],"predecessor-version":[{"id":137,"href":"https:\/\/poltorakstomatologia.pl\/index.php\/wp-json\/wp\/v2\/pages\/128\/revisions\/137"}],"wp:attachment":[{"href":"https:\/\/poltorakstomatologia.pl\/index.php\/wp-json\/wp\/v2\/media?parent=128"}],"curies":[{"name":"wp","href":"https:\/\/api.w.org\/{rel}","templated":true}]}}