{"id":7,"date":"2018-03-22T07:30:22","date_gmt":"2018-03-22T07:30:22","guid":{"rendered":"http:\/\/poltorakstomatologia.pl\/?page_id=7"},"modified":"2025-09-30T11:04:26","modified_gmt":"2025-09-30T10:04:26","slug":"dentysta-kielce-konrad-poltorak-stomatologia-protetyka","status":"publish","type":"page","link":"https:\/\/poltorakstomatologia.pl\/","title":{"rendered":"Zesp\u00f3\u0142"},"content":{"rendered":"<p><img loading=\"lazy\" decoding=\"async\" class=\"wp-image-151 alignleft\" src=\"https:\/\/poltorakstomatologia.pl\/wp-content\/uploads\/2023\/02\/144429352_1146519879130796_6366116555251487049_n-300x259.jpg\" alt=\"\" width=\"342\" height=\"295\" srcset=\"https:\/\/poltorakstomatologia.pl\/wp-content\/uploads\/2023\/02\/144429352_1146519879130796_6366116555251487049_n-300x259.jpg 300w, https:\/\/poltorakstomatologia.pl\/wp-content\/uploads\/2023\/02\/144429352_1146519879130796_6366116555251487049_n-768x662.jpg 768w, https:\/\/poltorakstomatologia.pl\/wp-content\/uploads\/2023\/02\/144429352_1146519879130796_6366116555251487049_n.jpg 960w\" sizes=\"auto, (max-width: 342px) 100vw, 342px\" \/>W dzieci\u0144stwie, jak pewnie ka\u017cdy ba\u0142em si\u0119 dentysty.<\/p>\n<p>Moje wspomnienia zwi\u0105zane z wizytami w gabinecie to\u00a0 l\u0119k i b\u00f3l. A\u017c do czasu, gdy trafi\u0142em do stomatologa w moim rodzinnym mie\u015bcie. Jego podej\u015bcie do Pacjent\u00f3w sprawi\u0142o, \u017ce nie tylko przesta\u0142em ba\u0107 si\u0119 leczenia, ale zainspirowa\u0142o mnie do podj\u0119cia decyzji &#8211; chc\u0119 zosta\u0107 stomatologiem.\u00a0 Temu podporz\u0105dkowa\u0142em swoj\u0105 dalsz\u0105 edukacyjn\u0105 drog\u0119.<\/p>\n<p>Studia na Akademii Medycznej w Lublinie uko\u0144czy\u0142em w 2003 roku. Po odbyciu sta\u017cu podyplomowego rozpocz\u0105\u0142em szkolenie specjalizacyjne zako\u0144czone uzyskaniem tytu\u0142u\u00a0 specjalisty protetyki stomatologicznej w 2010 roku. W 2016 roku obroni\u0142em prac\u0119 doktorsk\u0105 na Uniwersytecie Medycznym w \u0141odzi.<\/p>\n<p>Stomatologia to fascynuj\u0105ca dziedzina nauki, jednak to protetyka skrad\u0142a moje serce. Zajmuj\u0119 si\u0119 kompleksowym leczeniem protetycznym za pomoc\u0105 protez sta\u0142ych oraz ruchomych (zar\u00f3wno na w\u0142asnych z\u0119bach, jak i na implantach).\u00a0 Dodatkowo zajmuj\u0119 si\u0119 leczeniem zaburze\u0144 czynno\u015bciowych uk\u0142adu stomatognatycznego, , leczeniem periodontopatii oraz stomatopatii protetycznych czy odbudow\u0105 prawid\u0142owej wysoko\u015bci zwarciowej. Mog\u0119 powiedzie\u0107, \u017ce protetyka to wy\u017csza szko\u0142a jazdy, jednak nie obce mi jest r\u00f3wnie\u017c pozosta\u0142e leczenie stomatologiczne w postaci leczenia zachowawczego ubytk\u00f3w pr\u00f3chnicowych, leczenia kana\u0142owego, usuwania z\u0119b\u00f3w, usuwania kamienia czy zabieg\u00f3w profilaktycznych.<\/p>\n<p>Najbardziej lubi\u0119, gdy Pacjent wychodzi z gabinetu zadowolony i z pi\u0119knym u\u015bmiechem.<\/p>\n<p style=\"text-align: right;\">Konrad P\u00f3\u0142torak<\/p>\n<p>Zajmuj\u0119 si\u0119 leczeniem stomatologicznym os\u00f3b doros\u0142ych oraz dzieci. Mam indywidualne podej\u015bcie do ka\u017cdego pacjenta. Interesuj\u0119 si\u0119 chirurgi\u0105 stomatologiczn\u0105 oraz stomatologi\u0105 zachowawcz\u0105. Stale podnosz\u0119 swoje kwalifikacje na kursach i szkoleniach.<\/p>\n<p style=\"text-align: right;\">Maciej Witek<\/p>\n","protected":false},"excerpt":{"rendered":"<p>W dzieci\u0144stwie, jak pewnie ka\u017cdy ba\u0142em si\u0119 dentysty. Moje wspomnienia zwi\u0105zane z wizytami w gabinecie to\u00a0 l\u0119k i b\u00f3l. A\u017c do czasu, gdy trafi\u0142em do stomatologa w moim rodzinnym mie\u015bcie. Jego podej\u015bcie do Pacjent\u00f3w sprawi\u0142o, \u017ce nie tylko przesta\u0142em ba\u0107 si\u0119 leczenia, ale zainspirowa\u0142o mnie do podj\u0119cia decyzji &#8211; chc\u0119 zosta\u0107 stomatologiem.\u00a0 Temu podporz\u0105dkowa\u0142em swoj\u0105 &hellip; <\/p>\n<p class=\"link-more\"><a href=\"https:\/\/poltorakstomatologia.pl\/\" class=\"more-link\">Czytaj dalej<span class=\"screen-reader-text\"> \u201eZesp\u00f3\u0142\u201d<\/span><\/a><\/p>\n","protected":false},"author":1,"featured_media":42,"parent":0,"menu_order":0,"comment_status":"closed","ping_status":"closed","template":"","meta":{"footnotes":""},"class_list":["post-7","page","type-page","status-publish","has-post-thumbnail","hentry"],"yoast_head":"<!-- This site is optimized with the Yoast SEO plugin v27.1.1 - https:\/\/yoast.com\/product\/yoast-seo-wordpress\/ -->\n<title>Zesp\u00f3\u0142 - Gabinet stomatologiczno-protetyczny<\/title>\n<meta name=\"description\" content=\"Kompleksowa stomatologia w Kielcach \u2013 protetyka, implanty, leczenie kana\u0142owe. Um\u00f3w wizyt\u0119 u dr Konrada P\u00f3\u0142toraka. Tel. 123-456-789.\" \/>\n<meta name=\"robots\" content=\"index, follow, max-snippet:-1, max-image-preview:large, max-video-preview:-1\" \/>\n<link rel=\"canonical\" href=\"https:\/\/poltorakstomatologia.pl\/\" \/>\n<meta property=\"og:locale\" content=\"pl_PL\" \/>\n<meta property=\"og:type\" content=\"article\" \/>\n<meta property=\"og:title\" content=\"Zesp\u00f3\u0142 - Gabinet stomatologiczno-protetyczny\" \/>\n<meta property=\"og:description\" content=\"Kompleksowa stomatologia w Kielcach \u2013 protetyka, implanty, leczenie kana\u0142owe. Um\u00f3w wizyt\u0119 u dr Konrada P\u00f3\u0142toraka. Tel. 123-456-789.\" \/>\n<meta property=\"og:url\" content=\"https:\/\/poltorakstomatologia.pl\/\" \/>\n<meta property=\"og:site_name\" content=\"Gabinet stomatologiczno-protetyczny\" \/>\n<meta property=\"article:publisher\" content=\"https:\/\/www.facebook.com\/PoltorakStomatologia\" \/>\n<meta property=\"article:modified_time\" content=\"2025-09-30T10:04:26+00:00\" \/>\n<meta property=\"og:image\" content=\"https:\/\/poltorakstomatologia.pl\/wp-content\/uploads\/2018\/03\/MG_9371-1024x683.jpg\" \/>\n\t<meta property=\"og:image:width\" content=\"1024\" \/>\n\t<meta property=\"og:image:height\" content=\"683\" \/>\n\t<meta property=\"og:image:type\" content=\"image\/jpeg\" \/>\n<meta name=\"twitter:card\" content=\"summary_large_image\" \/>\n<meta name=\"twitter:label1\" content=\"Szacowany czas czytania\" \/>\n\t<meta name=\"twitter:data1\" content=\"2 minuty\" \/>\n<script type=\"application\/ld+json\" class=\"yoast-schema-graph\">{\"@context\":\"https:\/\/schema.org\",\"@graph\":[{\"@type\":\"WebPage\",\"@id\":\"https:\/\/poltorakstomatologia.pl\/\",\"url\":\"https:\/\/poltorakstomatologia.pl\/\",\"name\":\"Zesp\u00f3\u0142 - Gabinet stomatologiczno-protetyczny\",\"isPartOf\":{\"@id\":\"https:\/\/poltorakstomatologia.pl\/#website\"},\"primaryImageOfPage\":{\"@id\":\"https:\/\/poltorakstomatologia.pl\/#primaryimage\"},\"image\":{\"@id\":\"https:\/\/poltorakstomatologia.pl\/#primaryimage\"},\"thumbnailUrl\":\"https:\/\/poltorakstomatologia.pl\/wp-content\/uploads\/2018\/03\/MG_9371.jpg\",\"datePublished\":\"2018-03-22T07:30:22+00:00\",\"dateModified\":\"2025-09-30T10:04:26+00:00\",\"description\":\"Kompleksowa stomatologia w Kielcach \u2013 protetyka, implanty, leczenie kana\u0142owe. Um\u00f3w wizyt\u0119 u dr Konrada P\u00f3\u0142toraka. Tel. 123-456-789.\",\"breadcrumb\":{\"@id\":\"https:\/\/poltorakstomatologia.pl\/#breadcrumb\"},\"inLanguage\":\"pl-PL\",\"potentialAction\":[{\"@type\":\"ReadAction\",\"target\":[\"https:\/\/poltorakstomatologia.pl\/\"]}]},{\"@type\":\"ImageObject\",\"inLanguage\":\"pl-PL\",\"@id\":\"https:\/\/poltorakstomatologia.pl\/#primaryimage\",\"url\":\"https:\/\/poltorakstomatologia.pl\/wp-content\/uploads\/2018\/03\/MG_9371.jpg\",\"contentUrl\":\"https:\/\/poltorakstomatologia.pl\/wp-content\/uploads\/2018\/03\/MG_9371.jpg\",\"width\":5616,\"height\":3744,\"caption\":\"gabinet dentysta Konrad P\u00f3\u0142torak Kielce\"},{\"@type\":\"BreadcrumbList\",\"@id\":\"https:\/\/poltorakstomatologia.pl\/#breadcrumb\",\"itemListElement\":[{\"@type\":\"ListItem\",\"position\":1,\"name\":\"Strona g\u0142\u00f3wna\",\"item\":\"https:\/\/poltorakstomatologia.pl\/\"},{\"@type\":\"ListItem\",\"position\":2,\"name\":\"Zesp\u00f3\u0142\"}]},{\"@type\":\"WebSite\",\"@id\":\"https:\/\/poltorakstomatologia.pl\/#website\",\"url\":\"https:\/\/poltorakstomatologia.pl\/\",\"name\":\"Dentysta Kielce \u2013 Konrad P\u00f3\u0142torak | Stomatologia & Protetyka\",\"description\":\"Dr n. med. Konrad P\u00f3\u0142torak\",\"publisher\":{\"@id\":\"https:\/\/poltorakstomatologia.pl\/#organization\"},\"potentialAction\":[{\"@type\":\"SearchAction\",\"target\":{\"@type\":\"EntryPoint\",\"urlTemplate\":\"https:\/\/poltorakstomatologia.pl\/?s={search_term_string}\"},\"query-input\":{\"@type\":\"PropertyValueSpecification\",\"valueRequired\":true,\"valueName\":\"search_term_string\"}}],\"inLanguage\":\"pl-PL\"},{\"@type\":\"Organization\",\"@id\":\"https:\/\/poltorakstomatologia.pl\/#organization\",\"name\":\"Gabinet stomatologiczno-protetyczny Konrad P\u00f3\u0142torak\",\"url\":\"https:\/\/poltorakstomatologia.pl\/\",\"logo\":{\"@type\":\"ImageObject\",\"inLanguage\":\"pl-PL\",\"@id\":\"https:\/\/poltorakstomatologia.pl\/#\/schema\/logo\/image\/\",\"url\":\"https:\/\/poltorakstomatologia.pl\/wp-content\/uploads\/2025\/04\/Dodaj-naglowek-2.png\",\"contentUrl\":\"https:\/\/poltorakstomatologia.pl\/wp-content\/uploads\/2025\/04\/Dodaj-naglowek-2.png\",\"width\":940,\"height\":788,\"caption\":\"Gabinet stomatologiczno-protetyczny Konrad P\u00f3\u0142torak\"},\"image\":{\"@id\":\"https:\/\/poltorakstomatologia.pl\/#\/schema\/logo\/image\/\"},\"sameAs\":[\"https:\/\/www.facebook.com\/PoltorakStomatologia\",\"https:\/\/www.instagram.com\/konradpoltorak.dr\/\"]}]}<\/script>\n<!-- \/ Yoast SEO plugin. -->","yoast_head_json":{"title":"Zesp\u00f3\u0142 - Gabinet stomatologiczno-protetyczny","description":"Kompleksowa stomatologia w Kielcach \u2013 protetyka, implanty, leczenie kana\u0142owe. Um\u00f3w wizyt\u0119 u dr Konrada P\u00f3\u0142toraka. Tel. 123-456-789.","robots":{"index":"index","follow":"follow","max-snippet":"max-snippet:-1","max-image-preview":"max-image-preview:large","max-video-preview":"max-video-preview:-1"},"canonical":"https:\/\/poltorakstomatologia.pl\/","og_locale":"pl_PL","og_type":"article","og_title":"Zesp\u00f3\u0142 - Gabinet stomatologiczno-protetyczny","og_description":"Kompleksowa stomatologia w Kielcach \u2013 protetyka, implanty, leczenie kana\u0142owe. Um\u00f3w wizyt\u0119 u dr Konrada P\u00f3\u0142toraka. Tel. 123-456-789.","og_url":"https:\/\/poltorakstomatologia.pl\/","og_site_name":"Gabinet stomatologiczno-protetyczny","article_publisher":"https:\/\/www.facebook.com\/PoltorakStomatologia","article_modified_time":"2025-09-30T10:04:26+00:00","og_image":[{"width":1024,"height":683,"url":"https:\/\/poltorakstomatologia.pl\/wp-content\/uploads\/2018\/03\/MG_9371-1024x683.jpg","type":"image\/jpeg"}],"twitter_card":"summary_large_image","twitter_misc":{"Szacowany czas czytania":"2 minuty"},"schema":{"@context":"https:\/\/schema.org","@graph":[{"@type":"WebPage","@id":"https:\/\/poltorakstomatologia.pl\/","url":"https:\/\/poltorakstomatologia.pl\/","name":"Zesp\u00f3\u0142 - Gabinet stomatologiczno-protetyczny","isPartOf":{"@id":"https:\/\/poltorakstomatologia.pl\/#website"},"primaryImageOfPage":{"@id":"https:\/\/poltorakstomatologia.pl\/#primaryimage"},"image":{"@id":"https:\/\/poltorakstomatologia.pl\/#primaryimage"},"thumbnailUrl":"https:\/\/poltorakstomatologia.pl\/wp-content\/uploads\/2018\/03\/MG_9371.jpg","datePublished":"2018-03-22T07:30:22+00:00","dateModified":"2025-09-30T10:04:26+00:00","description":"Kompleksowa stomatologia w Kielcach \u2013 protetyka, implanty, leczenie kana\u0142owe. Um\u00f3w wizyt\u0119 u dr Konrada P\u00f3\u0142toraka. Tel. 123-456-789.","breadcrumb":{"@id":"https:\/\/poltorakstomatologia.pl\/#breadcrumb"},"inLanguage":"pl-PL","potentialAction":[{"@type":"ReadAction","target":["https:\/\/poltorakstomatologia.pl\/"]}]},{"@type":"ImageObject","inLanguage":"pl-PL","@id":"https:\/\/poltorakstomatologia.pl\/#primaryimage","url":"https:\/\/poltorakstomatologia.pl\/wp-content\/uploads\/2018\/03\/MG_9371.jpg","contentUrl":"https:\/\/poltorakstomatologia.pl\/wp-content\/uploads\/2018\/03\/MG_9371.jpg","width":5616,"height":3744,"caption":"gabinet dentysta Konrad P\u00f3\u0142torak Kielce"},{"@type":"BreadcrumbList","@id":"https:\/\/poltorakstomatologia.pl\/#breadcrumb","itemListElement":[{"@type":"ListItem","position":1,"name":"Strona g\u0142\u00f3wna","item":"https:\/\/poltorakstomatologia.pl\/"},{"@type":"ListItem","position":2,"name":"Zesp\u00f3\u0142"}]},{"@type":"WebSite","@id":"https:\/\/poltorakstomatologia.pl\/#website","url":"https:\/\/poltorakstomatologia.pl\/","name":"Dentysta Kielce \u2013 Konrad P\u00f3\u0142torak | Stomatologia & Protetyka","description":"Dr n. med. Konrad P\u00f3\u0142torak","publisher":{"@id":"https:\/\/poltorakstomatologia.pl\/#organization"},"potentialAction":[{"@type":"SearchAction","target":{"@type":"EntryPoint","urlTemplate":"https:\/\/poltorakstomatologia.pl\/?s={search_term_string}"},"query-input":{"@type":"PropertyValueSpecification","valueRequired":true,"valueName":"search_term_string"}}],"inLanguage":"pl-PL"},{"@type":"Organization","@id":"https:\/\/poltorakstomatologia.pl\/#organization","name":"Gabinet stomatologiczno-protetyczny Konrad P\u00f3\u0142torak","url":"https:\/\/poltorakstomatologia.pl\/","logo":{"@type":"ImageObject","inLanguage":"pl-PL","@id":"https:\/\/poltorakstomatologia.pl\/#\/schema\/logo\/image\/","url":"https:\/\/poltorakstomatologia.pl\/wp-content\/uploads\/2025\/04\/Dodaj-naglowek-2.png","contentUrl":"https:\/\/poltorakstomatologia.pl\/wp-content\/uploads\/2025\/04\/Dodaj-naglowek-2.png","width":940,"height":788,"caption":"Gabinet stomatologiczno-protetyczny Konrad P\u00f3\u0142torak"},"image":{"@id":"https:\/\/poltorakstomatologia.pl\/#\/schema\/logo\/image\/"},"sameAs":["https:\/\/www.facebook.com\/PoltorakStomatologia","https:\/\/www.instagram.com\/konradpoltorak.dr\/"]}]}},"_links":{"self":[{"href":"https:\/\/poltorakstomatologia.pl\/index.php\/wp-json\/wp\/v2\/pages\/7","targetHints":{"allow":["GET"]}}],"collection":[{"href":"https:\/\/poltorakstomatologia.pl\/index.php\/wp-json\/wp\/v2\/pages"}],"about":[{"href":"https:\/\/poltorakstomatologia.pl\/index.php\/wp-json\/wp\/v2\/types\/page"}],"author":[{"embeddable":true,"href":"https:\/\/poltorakstomatologia.pl\/index.php\/wp-json\/wp\/v2\/users\/1"}],"replies":[{"embeddable":true,"href":"https:\/\/poltorakstomatologia.pl\/index.php\/wp-json\/wp\/v2\/comments?post=7"}],"version-history":[{"count":4,"href":"https:\/\/poltorakstomatologia.pl\/index.php\/wp-json\/wp\/v2\/pages\/7\/revisions"}],"predecessor-version":[{"id":152,"href":"https:\/\/poltorakstomatologia.pl\/index.php\/wp-json\/wp\/v2\/pages\/7\/revisions\/152"}],"wp:featuredmedia":[{"embeddable":true,"href":"https:\/\/poltorakstomatologia.pl\/index.php\/wp-json\/wp\/v2\/media\/42"}],"wp:attachment":[{"href":"https:\/\/poltorakstomatologia.pl\/index.php\/wp-json\/wp\/v2\/media?parent=7"}],"curies":[{"name":"wp","href":"https:\/\/api.w.org\/{rel}","templated":true}]}}